{"id":313,"date":"2026-01-17T15:55:43","date_gmt":"2026-01-17T15:55:43","guid":{"rendered":"https:\/\/nirvan8.com\/?page_id=313"},"modified":"2026-01-20T14:23:36","modified_gmt":"2026-01-20T14:23:36","slug":"balibo-world","status":"publish","type":"page","link":"https:\/\/nirvan8.com\/fr\/balibo-world\/","title":{"rendered":"BaliBo World"},"content":{"rendered":"<div data-elementor-type=\"wp-page\" data-elementor-id=\"313\" class=\"elementor elementor-313\">\n\t\t\t\t<div class=\"elementor-element elementor-element-7fa48404 e-flex e-con-boxed e-con e-parent\" data-id=\"7fa48404\" data-element_type=\"container\">\n\t\t\t\t\t<div class=\"e-con-inner\">\n\t\t<div class=\"elementor-element elementor-element-1eec919f e-con-full e-flex e-con e-child\" data-id=\"1eec919f\" data-element_type=\"container\">\n\t\t\t\t<div class=\"elementor-element elementor-element-57e97169 elementor-view-default elementor-widget elementor-widget-icon\" data-id=\"57e97169\" data-element_type=\"widget\" data-widget_type=\"icon.default\">\n\t\t\t\t\t\t\t<div class=\"elementor-icon-wrapper\">\n\t\t\t<a class=\"elementor-icon\" href=\"https:\/\/nirvan8.com\/fr\/\" target=\"_blank\">\n\t\t\t<svg aria-hidden=\"true\" class=\"e-font-icon-svg e-fas-bars\" viewbox=\"0 0 448 512\" xmlns=\"http:\/\/www.w3.org\/2000\/svg\"><path d=\"M16 132h416c8.837 0 16-7.163 16-16V76c0-8.837-7.163-16-16-16H16C7.163 60 0 67.163 0 76v40c0 8.837 7.163 16 16 16zm0 160h416c8.837 0 16-7.163 16-16v-40c0-8.837-7.163-16-16-16H16c-8.837 0-16 7.163-16 16v40c0 8.837 7.163 16 16 16zm0 160h416c8.837 0 16-7.163 16-16v-40c0-8.837-7.163-16-16-16H16c-8.837 0-16 7.163-16 16v40c0 8.837 7.163 16 16 16z\"><\/path><\/svg>\t\t\t<\/a>\n\t\t<\/div>\n\t\t\t\t\t\t<\/div>\n\t\t\t\t<\/div>\n\t\t<div class=\"elementor-element elementor-element-3c63a32c e-con-full e-flex e-con e-child\" data-id=\"3c63a32c\" data-element_type=\"container\">\n\t\t\t\t<div class=\"elementor-element elementor-element-29084770 elementor-widget elementor-widget-image\" data-id=\"29084770\" data-element_type=\"widget\" data-widget_type=\"image.default\">\n\t\t\t\t\t\t\t\t\t\t\t\t\t\t\t\t<a href=\"https:\/\/nirvan8.com\/fr\/\">\n\t\t\t\t\t\t\t<img fetchpriority=\"high\" decoding=\"async\" width=\"493\" height=\"418\" src=\"https:\/\/nirvan8.com\/wp-content\/uploads\/2026\/01\/Nirvan.png\" class=\"attachment-large size-large wp-image-387\" alt=\"\" srcset=\"https:\/\/nirvan8.com\/wp-content\/uploads\/2026\/01\/Nirvan.png 493w, https:\/\/nirvan8.com\/wp-content\/uploads\/2026\/01\/Nirvan-300x254.png 300w\" sizes=\"(max-width: 493px) 100vw, 493px\" \/>\t\t\t\t\t\t\t\t<\/a>\n\t\t\t\t\t\t\t\t\t\t\t\t\t\t\t<\/div>\n\t\t\t\t<\/div>\n\t\t<div class=\"elementor-element elementor-element-6b92a6c9 e-con-full e-flex e-con e-child\" data-id=\"6b92a6c9\" data-element_type=\"container\">\n\t\t\t\t<div class=\"elementor-element elementor-element-13fe2eb3 elementor-icon-list--layout-inline elementor-align-center elementor-list-item-link-full_width elementor-widget elementor-widget-icon-list\" data-id=\"13fe2eb3\" data-element_type=\"widget\" data-widget_type=\"icon-list.default\">\n\t\t\t\t\t\t\t<ul class=\"elementor-icon-list-items elementor-inline-items\">\n\t\t\t\t\t\t\t<li class=\"elementor-icon-list-item elementor-inline-item\">\n\t\t\t\t\t\t\t\t\t\t\t<span class=\"elementor-icon-list-icon\">\n\t\t\t\t\t\t\t<svg aria-hidden=\"true\" class=\"e-font-icon-svg e-fas-search\" viewbox=\"0 0 512 512\" xmlns=\"http:\/\/www.w3.org\/2000\/svg\"><path d=\"M505 442.7L405.3 343c-4.5-4.5-10.6-7-17-7H372c27.6-35.3 44-79.7 44-128C416 93.1 322.9 0 208 0S0 93.1 0 208s93.1 208 208 208c48.3 0 92.7-16.4 128-44v16.3c0 6.4 2.5 12.5 7 17l99.7 99.7c9.4 9.4 24.6 9.4 33.9 0l28.3-28.3c9.4-9.4 9.4-24.6.1-34zM208 336c-70.7 0-128-57.2-128-128 0-70.7 57.2-128 128-128 70.7 0 128 57.2 128 128 0 70.7-57.2 128-128 128z\"><\/path><\/svg>\t\t\t\t\t\t<\/span>\n\t\t\t\t\t\t\t\t\t\t<span class=\"elementor-icon-list-text\"><\/span>\n\t\t\t\t\t\t\t\t\t<\/li>\n\t\t\t\t\t\t\t\t<li class=\"elementor-icon-list-item elementor-inline-item\">\n\t\t\t\t\t\t\t\t\t\t\t<a href=\"https:\/\/nirvan8.com\/fr\/homepage__trashed\/my-account\/\" target=\"_blank\">\n\n\t\t\t\t\t\t\t\t\t\t\t\t<span class=\"elementor-icon-list-icon\">\n\t\t\t\t\t\t\t<svg aria-hidden=\"true\" class=\"e-font-icon-svg e-far-user\" viewbox=\"0 0 448 512\" xmlns=\"http:\/\/www.w3.org\/2000\/svg\"><path d=\"M313.6 304c-28.7 0-42.5 16-89.6 16-47.1 0-60.8-16-89.6-16C60.2 304 0 364.2 0 438.4V464c0 26.5 21.5 48 48 48h352c26.5 0 48-21.5 48-48v-25.6c0-74.2-60.2-134.4-134.4-134.4zM400 464H48v-25.6c0-47.6 38.8-86.4 86.4-86.4 14.6 0 38.3 16 89.6 16 51.7 0 74.9-16 89.6-16 47.6 0 86.4 38.8 86.4 86.4V464zM224 288c79.5 0 144-64.5 144-144S303.5 0 224 0 80 64.5 80 144s64.5 144 144 144zm0-240c52.9 0 96 43.1 96 96s-43.1 96-96 96-96-43.1-96-96 43.1-96 96-96z\"><\/path><\/svg>\t\t\t\t\t\t<\/span>\n\t\t\t\t\t\t\t\t\t\t<span class=\"elementor-icon-list-text\"><\/span>\n\t\t\t\t\t\t\t\t\t\t\t<\/a>\n\t\t\t\t\t\t\t\t\t<\/li>\n\t\t\t\t\t\t\t\t<li class=\"elementor-icon-list-item elementor-inline-item\">\n\t\t\t\t\t\t\t\t\t\t\t<a href=\"https:\/\/nirvan8.com\/fr\/homepage__trashed\/cart\/\" target=\"_blank\">\n\n\t\t\t\t\t\t\t\t\t\t\t\t<span class=\"elementor-icon-list-icon\">\n\t\t\t\t\t\t\t<svg aria-hidden=\"true\" class=\"e-font-icon-svg e-fas-shopping-bag\" viewbox=\"0 0 448 512\" xmlns=\"http:\/\/www.w3.org\/2000\/svg\"><path d=\"M352 160v-32C352 57.42 294.579 0 224 0 153.42 0 96 57.42 96 128v32H0v272c0 44.183 35.817 80 80 80h288c44.183 0 80-35.817 80-80V160h-96zm-192-32c0-35.29 28.71-64 64-64s64 28.71 64 64v32H160v-32zm160 120c-13.255 0-24-10.745-24-24s10.745-24 24-24 24 10.745 24 24-10.745 24-24 24zm-192 0c-13.255 0-24-10.745-24-24s10.745-24 24-24 24 10.745 24 24-10.745 24-24 24z\"><\/path><\/svg>\t\t\t\t\t\t<\/span>\n\t\t\t\t\t\t\t\t\t\t<span class=\"elementor-icon-list-text\"><\/span>\n\t\t\t\t\t\t\t\t\t\t\t<\/a>\n\t\t\t\t\t\t\t\t\t<\/li>\n\t\t\t\t\t\t<\/ul>\n\t\t\t\t\t\t<\/div>\n\t\t\t\t<\/div>\n\t\t\t\t\t<\/div>\n\t\t\t\t<\/div>\n\t\t<div class=\"elementor-element elementor-element-7564353a e-flex e-con-boxed e-con e-parent\" data-id=\"7564353a\" data-element_type=\"container\">\n\t\t\t\t\t<div class=\"e-con-inner\">\n\t\t<div class=\"elementor-element elementor-element-18cf7366 e-con-full e-flex e-con e-child\" data-id=\"18cf7366\" data-element_type=\"container\" data-settings=\"{&quot;background_background&quot;:&quot;classic&quot;}\">\n\t\t\t\t<div class=\"elementor-element elementor-element-1a8f84a elementor-widget elementor-widget-heading\" data-id=\"1a8f84a\" data-element_type=\"widget\" data-widget_type=\"heading.default\">\n\t\t\t\t\t<h2 class=\"elementor-heading-title elementor-size-default\">THE BALIBO COLLECTION<\/h2>\t\t\t\t<\/div>\n\t\t\t\t<div class=\"elementor-element elementor-element-24f07ca7 elementor-widget elementor-widget-text-editor\" data-id=\"24f07ca7\" data-element_type=\"widget\" data-widget_type=\"text-editor.default\">\n\t\t\t\t\t\t\t\t\t<p>Tropical escape for your skin<\/p>\t\t\t\t\t\t\t\t<\/div>\n\t\t\t\t<\/div>\n\t\t\t\t\t<\/div>\n\t\t\t\t<\/div>\n\t\t<div class=\"elementor-element elementor-element-5a0fedba e-flex e-con-boxed e-con e-parent\" data-id=\"5a0fedba\" data-element_type=\"container\">\n\t\t\t\t\t<div class=\"e-con-inner\">\n\t\t<div class=\"elementor-element elementor-element-5b01dfc3 e-con-full e-flex e-con e-child\" data-id=\"5b01dfc3\" data-element_type=\"container\">\n\t\t\t\t<div class=\"elementor-element elementor-element-60255663 elementor-widget elementor-widget-heading\" data-id=\"60255663\" data-element_type=\"widget\" data-widget_type=\"heading.default\">\n\t\t\t\t\t<h2 class=\"elementor-heading-title elementor-size-default\">ISLAND HYDRATION<\/h2>\t\t\t\t<\/div>\n\t\t\t\t<div class=\"elementor-element elementor-element-23f0d59 elementor-widget elementor-widget-text-editor\" data-id=\"23f0d59\" data-element_type=\"widget\" data-widget_type=\"text-editor.default\">\n\t\t\t\t\t\t\t\t\t<p>Infused with exotic coconut and flower extracts to transport your senses and leave your hair glowing and with deep silk feeling.<\/p>\t\t\t\t\t\t\t\t<\/div>\n\t\t\t\t<\/div>\n\t\t<div class=\"elementor-element elementor-element-e63ca26 e-con-full e-flex e-con e-child\" data-id=\"e63ca26\" data-element_type=\"container\">\n\t\t\t\t<div class=\"elementor-element elementor-element-75935242 elementor-widget elementor-widget-image\" data-id=\"75935242\" data-element_type=\"widget\" data-widget_type=\"image.default\">\n\t\t\t\t\t\t\t\t\t\t\t\t\t\t\t<img decoding=\"async\" width=\"800\" height=\"537\" src=\"https:\/\/nirvan8.com\/wp-content\/uploads\/2026\/01\/Balibo-world-2.jpg\" class=\"attachment-large size-large wp-image-574\" alt=\"\" srcset=\"https:\/\/nirvan8.com\/wp-content\/uploads\/2026\/01\/Balibo-world-2.jpg 1024w, https:\/\/nirvan8.com\/wp-content\/uploads\/2026\/01\/Balibo-world-2-300x201.jpg 300w, https:\/\/nirvan8.com\/wp-content\/uploads\/2026\/01\/Balibo-world-2-768x515.jpg 768w, https:\/\/nirvan8.com\/wp-content\/uploads\/2026\/01\/Balibo-world-2-600x403.jpg 600w\" sizes=\"(max-width: 800px) 100vw, 800px\" \/>\t\t\t\t\t\t\t\t\t\t\t\t\t\t\t<\/div>\n\t\t\t\t<\/div>\n\t\t\t\t\t<\/div>\n\t\t\t\t<\/div>\n\t\t<div class=\"elementor-element elementor-element-d8f930c e-flex e-con-boxed e-con e-parent\" data-id=\"d8f930c\" data-element_type=\"container\">\n\t\t\t\t\t<div class=\"e-con-inner\">\n\t\t\t\t<div class=\"elementor-element elementor-element-6e5c29e6 elementor-widget__width-inherit elementor-widget elementor-widget-shortcode\" data-id=\"6e5c29e6\" data-element_type=\"widget\" data-widget_type=\"shortcode.default\">\n\t\t\t\t\t\t\t<div class=\"elementor-shortcode\"><div class=\"woocommerce columns-4\"><ul class=\"products columns-4\">\n<li class=\"product type-product post-835 status-publish first instock product_cat-balibo product_tag-all-in-one-bar product_tag-beach-essentials product_tag-coconut-soap product_tag-cruelty-free product_tag-eco-friendly-soap product_tag-gentle-cleanser product_tag-lime-scent product_tag-multipurpose-soap product_tag-natural-skincare product_tag-nourishing-formula product_tag-ocean-lover product_tag-plastic-free product_tag-skin-and-hair-bar product_tag-surfer-soap product_tag-travel-friendly product_tag-tropical-coconut product_tag-tropical-scent product_tag-vegan-soap has-post-thumbnail purchasable product-type-simple\">\n\t<a href=\"https:\/\/nirvan8.com\/fr\/produit\/nirvan-surfer-soap-girl-all-in-one-skin-hair-bar-tropical-coconut-lime-scent-copy-2\/\" class=\"woocommerce-LoopProduct-link woocommerce-loop-product__link\"><img decoding=\"async\" width=\"300\" height=\"300\" src=\"https:\/\/nirvan8.com\/wp-content\/uploads\/2025\/09\/1ce01109-73ea-4015-918d-24285fcfe544-300x300.jpeg\" class=\"attachment-woocommerce_thumbnail size-woocommerce_thumbnail\" alt=\"BaliBo Soap All-in-One Skin &amp; Hair Bar | Tropical Flowers &amp; Coconut\" srcset=\"https:\/\/nirvan8.com\/wp-content\/uploads\/2025\/09\/1ce01109-73ea-4015-918d-24285fcfe544-300x300.jpeg 300w, https:\/\/nirvan8.com\/wp-content\/uploads\/2025\/09\/1ce01109-73ea-4015-918d-24285fcfe544-150x150.jpeg 150w, https:\/\/nirvan8.com\/wp-content\/uploads\/2025\/09\/1ce01109-73ea-4015-918d-24285fcfe544-12x12.jpeg 12w, https:\/\/nirvan8.com\/wp-content\/uploads\/2025\/09\/1ce01109-73ea-4015-918d-24285fcfe544-100x100.jpeg 100w\" sizes=\"(max-width: 300px) 100vw, 300px\" \/><h2 class=\"woocommerce-loop-product__title\">BaliBo Soap All-in-One Skin &amp; Hair Bar | Tropical Flowers &amp; Coconut<\/h2>\n\t<span class=\"price\"><span class=\"woocommerce-Price-amount amount\"><bdi><span class=\"woocommerce-Price-currencySymbol\">&euro;<\/span>&nbsp;9,99<\/bdi><\/span><\/span>\n<\/a><a href=\"\/fr\/wp-json\/wp\/v2\/pages\/313?add-to-cart=835\" aria-describedby=\"woocommerce_loop_add_to_cart_link_describedby_835\" data-quantity=\"1\" class=\"button product_type_simple add_to_cart_button ajax_add_to_cart\" data-product_id=\"835\" data-product_sku=\"\" aria-label=\"Ajouter au panier\u00a0: \u201cBaliBo Soap All-in-One Skin &amp; Hair Bar | Tropical Flowers &amp; Coconut\u201d\" rel=\"nofollow\" data-success_message=\"\u00ab\u00a0BaliBo Soap All-in-One Skin &amp; Hair Bar | Tropical Flowers &amp; Coconut\u00a0\u00bb a \u00e9t\u00e9 ajout\u00e9 \u00e0 votre panier\" role=\"button\" data-no-translation=\"\" data-trp-gettext=\"\" data-no-translation-aria-label=\"\" data-no-translation-data-success_message=\"\">Ajouter au panier<\/a>\t<span id=\"woocommerce_loop_add_to_cart_link_describedby_835\" class=\"screen-reader-text\">\n\t\t\t<\/span>\n<\/li>\n<li class=\"product type-product post-127 status-publish instock product_cat-balibo has-post-thumbnail purchasable product-type-simple\">\n\t<a href=\"https:\/\/nirvan8.com\/fr\/produit\/balibo-solid-conditioner-bar-hydrating-nourishing-plastic-free-vegan-eco-friendly-hair-care\/\" class=\"woocommerce-LoopProduct-link woocommerce-loop-product__link\"><img loading=\"lazy\" decoding=\"async\" width=\"300\" height=\"300\" src=\"https:\/\/nirvan8.com\/wp-content\/uploads\/2025\/08\/03c399d9-7cce-489f-9429-cc4c66f09b82-300x300.jpeg\" class=\"attachment-woocommerce_thumbnail size-woocommerce_thumbnail\" alt=\"BaliBo Solid Conditioner Bar | Hydrating &amp; Nourishing | Plastic-Free, Vegan &amp; Eco-Friendly Hair Care\" srcset=\"https:\/\/nirvan8.com\/wp-content\/uploads\/2025\/08\/03c399d9-7cce-489f-9429-cc4c66f09b82-300x300.jpeg 300w, https:\/\/nirvan8.com\/wp-content\/uploads\/2025\/08\/03c399d9-7cce-489f-9429-cc4c66f09b82-150x150.jpeg 150w, https:\/\/nirvan8.com\/wp-content\/uploads\/2025\/08\/03c399d9-7cce-489f-9429-cc4c66f09b82-768x768.jpeg 768w, https:\/\/nirvan8.com\/wp-content\/uploads\/2025\/08\/03c399d9-7cce-489f-9429-cc4c66f09b82-12x12.jpeg 12w, https:\/\/nirvan8.com\/wp-content\/uploads\/2025\/08\/03c399d9-7cce-489f-9429-cc4c66f09b82-600x600.jpeg 600w, https:\/\/nirvan8.com\/wp-content\/uploads\/2025\/08\/03c399d9-7cce-489f-9429-cc4c66f09b82-100x100.jpeg 100w, https:\/\/nirvan8.com\/wp-content\/uploads\/2025\/08\/03c399d9-7cce-489f-9429-cc4c66f09b82.jpeg 1024w\" sizes=\"(max-width: 300px) 100vw, 300px\" \/><h2 class=\"woocommerce-loop-product__title\">BaliBo Solid Conditioner Bar | Hydrating &amp; Nourishing | Plastic-Free, Vegan &amp; Eco-Friendly Hair Care<\/h2>\n\t<span class=\"price\"><span class=\"woocommerce-Price-amount amount\"><bdi><span class=\"woocommerce-Price-currencySymbol\">&euro;<\/span>&nbsp;6,99<\/bdi><\/span><\/span>\n<\/a><a href=\"\/fr\/wp-json\/wp\/v2\/pages\/313?add-to-cart=127\" aria-describedby=\"woocommerce_loop_add_to_cart_link_describedby_127\" data-quantity=\"1\" class=\"button product_type_simple add_to_cart_button ajax_add_to_cart\" data-product_id=\"127\" data-product_sku=\"\" aria-label=\"Ajouter au panier\u00a0: \u201cBaliBo Solid Conditioner Bar | Hydrating &amp; Nourishing | Plastic-Free, Vegan &amp; Eco-Friendly Hair Care\u201d\" rel=\"nofollow\" data-success_message=\"\u00ab\u00a0BaliBo Solid Conditioner Bar | Hydrating &amp; Nourishing | Plastic-Free, Vegan &amp; Eco-Friendly Hair Care\u00a0\u00bb a \u00e9t\u00e9 ajout\u00e9 \u00e0 votre panier\" role=\"button\" data-no-translation=\"\" data-trp-gettext=\"\" data-no-translation-aria-label=\"\" data-no-translation-data-success_message=\"\">Ajouter au panier<\/a>\t<span id=\"woocommerce_loop_add_to_cart_link_describedby_127\" class=\"screen-reader-text\">\n\t\t\t<\/span>\n<\/li>\n<li class=\"product type-product post-709 status-publish instock product_cat-balibo has-post-thumbnail sold-individually purchasable product-type-simple\">\n\t<a href=\"https:\/\/nirvan8.com\/fr\/produit\/nirvan-balibo-essential-kit\/\" class=\"woocommerce-LoopProduct-link woocommerce-loop-product__link\"><img loading=\"lazy\" decoding=\"async\" width=\"300\" height=\"300\" src=\"https:\/\/nirvan8.com\/wp-content\/uploads\/2026\/01\/51E51519-2F7D-4C9F-AA40-4A819E0F1AF7-300x300.png\" class=\"attachment-woocommerce_thumbnail size-woocommerce_thumbnail\" alt=\"Nirvan BaliBo Essential Kit\" srcset=\"https:\/\/nirvan8.com\/wp-content\/uploads\/2026\/01\/51E51519-2F7D-4C9F-AA40-4A819E0F1AF7-300x300.png 300w, https:\/\/nirvan8.com\/wp-content\/uploads\/2026\/01\/51E51519-2F7D-4C9F-AA40-4A819E0F1AF7-150x150.png 150w, https:\/\/nirvan8.com\/wp-content\/uploads\/2026\/01\/51E51519-2F7D-4C9F-AA40-4A819E0F1AF7-100x100.png 100w\" sizes=\"(max-width: 300px) 100vw, 300px\" \/><h2 class=\"woocommerce-loop-product__title\">Nirvan BaliBo Essential Kit<\/h2>\n\t<span class=\"price\"><span class=\"woocommerce-Price-amount amount\"><bdi><span class=\"woocommerce-Price-currencySymbol\">&euro;<\/span>&nbsp;24,90<\/bdi><\/span><\/span>\n<\/a><a href=\"\/fr\/wp-json\/wp\/v2\/pages\/313?add-to-cart=709\" aria-describedby=\"woocommerce_loop_add_to_cart_link_describedby_709\" data-quantity=\"1\" class=\"button product_type_simple add_to_cart_button ajax_add_to_cart\" data-product_id=\"709\" data-product_sku=\"\" aria-label=\"Ajouter au panier\u00a0: \u201cNirvan BaliBo Essential Kit\u201d\" rel=\"nofollow\" data-success_message=\"\u00ab\u00a0Nirvan BaliBo Essential Kit\u00a0\u00bb a \u00e9t\u00e9 ajout\u00e9 \u00e0 votre panier\" role=\"button\" data-no-translation=\"\" data-trp-gettext=\"\" data-no-translation-aria-label=\"\" data-no-translation-data-success_message=\"\">Ajouter au panier<\/a>\t<span id=\"woocommerce_loop_add_to_cart_link_describedby_709\" class=\"screen-reader-text\">\n\t\t\t<\/span>\n<\/li>\n<\/ul>\n<\/div><\/div>\n\t\t\t\t\t\t<\/div>\n\t\t\t\t\t<\/div>\n\t\t\t\t<\/div>\n\t\t<div class=\"elementor-element elementor-element-4fe1a05c e-flex e-con-boxed e-con e-parent\" data-id=\"4fe1a05c\" data-element_type=\"container\">\n\t\t\t\t\t<div class=\"e-con-inner\">\n\t\t\t\t<div class=\"elementor-element elementor-element-34f14d4e elementor-widget elementor-widget-heading\" data-id=\"34f14d4e\" data-element_type=\"widget\" data-widget_type=\"heading.default\">\n\t\t\t\t\t<h2 class=\"elementor-heading-title elementor-size-default\">About Us<\/h2>\t\t\t\t<\/div>\n\t\t\t\t<div class=\"elementor-element elementor-element-3aa5f9c6 elementor-widget elementor-widget-text-editor\" data-id=\"3aa5f9c6\" data-element_type=\"widget\" data-widget_type=\"text-editor.default\">\n\t\t\t\t\t\t\t\t\t<h3 data-start=\"140\" data-end=\"156\">About BaliBo<\/h3><p data-start=\"158\" data-end=\"329\">BaliBo was born from sun, salt, and real life. After endless swims and beach days, we realized our hair needed care that worked\u2014without plastic waste or harsh ingredients.<\/p><p data-start=\"331\" data-end=\"661\">Created by women and nature lovers, BaliBo Hair Conditioner is a solid, ocean-friendly alternative designed to nourish, detangle, and restore hair after sun, salt, and everyday stress. Made with purposeful, hair-loving ingredients and plastic-free packaging, our bars prove that effective self-care can also be kind to the planet.<\/p><p data-start=\"663\" data-end=\"724\">Soft hair. Simple rituals. Conscious beauty.<br data-start=\"707\" data-end=\"710\" \/>That\u2019s BaliBo.<\/p>\t\t\t\t\t\t\t\t<\/div>\n\t\t\t\t\t<\/div>\n\t\t\t\t<\/div>\n\t\t<div class=\"elementor-element elementor-element-43e97be4 e-flex e-con-boxed e-con e-parent\" data-id=\"43e97be4\" data-element_type=\"container\">\n\t\t\t\t\t<div class=\"e-con-inner\">\n\t\t\t\t<div class=\"elementor-element elementor-element-89edfa2 elementor-widget elementor-widget-heading\" data-id=\"89edfa2\" data-element_type=\"widget\" data-widget_type=\"heading.default\">\n\t\t\t\t\t<h2 class=\"elementor-heading-title elementor-size-default\">Where to Buy<\/h2>\t\t\t\t<\/div>\n\t\t\t\t<div class=\"elementor-element elementor-element-4578ef4d elementor-widget elementor-widget-html\" data-id=\"4578ef4d\" data-element_type=\"widget\" data-widget_type=\"html.default\">\n\t\t\t\t\t<iframe src=\"https:\/\/www.google.com\/maps\/d\/embed?mid=10Oz9epiVfpdHj_142lnbNvEt-eQ17qA&ehbc=2E312F&noprof=1\" width=\"640\" height=\"480\"><\/iframe>\t\t\t\t<\/div>\n\t\t\t\t\t<\/div>\n\t\t\t\t<\/div>\n\t\t\t\t<\/div>","protected":false},"excerpt":{"rendered":"<p>THE BALIBO COLLECTION Tropical escape for your skin ISLAND HYDRATION Infused with exotic coconut and flower extracts to transport your senses and leave your hair glowing and with deep silk feeling. About Us About BaliBo BaliBo was born from sun, salt, and real life. After endless swims and beach days, we realized our hair needed [&hellip;]<\/p>","protected":false},"author":1,"featured_media":0,"parent":0,"menu_order":0,"comment_status":"closed","ping_status":"closed","template":"","meta":{"footnotes":""},"class_list":["post-313","page","type-page","status-publish","hentry"],"aioseo_notices":[],"_links":{"self":[{"href":"https:\/\/nirvan8.com\/fr\/wp-json\/wp\/v2\/pages\/313","targetHints":{"allow":["GET"]}}],"collection":[{"href":"https:\/\/nirvan8.com\/fr\/wp-json\/wp\/v2\/pages"}],"about":[{"href":"https:\/\/nirvan8.com\/fr\/wp-json\/wp\/v2\/types\/page"}],"author":[{"embeddable":true,"href":"https:\/\/nirvan8.com\/fr\/wp-json\/wp\/v2\/users\/1"}],"replies":[{"embeddable":true,"href":"https:\/\/nirvan8.com\/fr\/wp-json\/wp\/v2\/comments?post=313"}],"version-history":[{"count":7,"href":"https:\/\/nirvan8.com\/fr\/wp-json\/wp\/v2\/pages\/313\/revisions"}],"predecessor-version":[{"id":577,"href":"https:\/\/nirvan8.com\/fr\/wp-json\/wp\/v2\/pages\/313\/revisions\/577"}],"wp:attachment":[{"href":"https:\/\/nirvan8.com\/fr\/wp-json\/wp\/v2\/media?parent=313"}],"curies":[{"name":"wp","href":"https:\/\/api.w.org\/{rel}","templated":true}]}}