{"id":286,"date":"2026-01-17T15:28:24","date_gmt":"2026-01-17T15:28:24","guid":{"rendered":"https:\/\/nirvan8.com\/?page_id=286"},"modified":"2026-01-20T19:44:08","modified_gmt":"2026-01-20T19:44:08","slug":"fighter-world","status":"publish","type":"page","link":"https:\/\/nirvan8.com\/fr\/fighter-world\/","title":{"rendered":"Fighter World"},"content":{"rendered":"<div data-elementor-type=\"wp-page\" data-elementor-id=\"286\" class=\"elementor elementor-286\">\n\t\t\t\t<div class=\"elementor-element elementor-element-4dd7fca4 e-flex e-con-boxed e-con e-parent\" data-id=\"4dd7fca4\" data-element_type=\"container\">\n\t\t\t\t\t<div class=\"e-con-inner\">\n\t\t<div class=\"elementor-element elementor-element-5defdd66 e-con-full e-flex e-con e-child\" data-id=\"5defdd66\" data-element_type=\"container\">\n\t\t\t\t<div class=\"elementor-element elementor-element-1a8b3154 elementor-view-default elementor-widget elementor-widget-icon\" data-id=\"1a8b3154\" data-element_type=\"widget\" data-widget_type=\"icon.default\">\n\t\t\t\t\t\t\t<div class=\"elementor-icon-wrapper\">\n\t\t\t<a class=\"elementor-icon\" href=\"https:\/\/nirvan8.com\/fr\/\" target=\"_blank\">\n\t\t\t<svg aria-hidden=\"true\" class=\"e-font-icon-svg e-fas-bars\" viewbox=\"0 0 448 512\" xmlns=\"http:\/\/www.w3.org\/2000\/svg\"><path d=\"M16 132h416c8.837 0 16-7.163 16-16V76c0-8.837-7.163-16-16-16H16C7.163 60 0 67.163 0 76v40c0 8.837 7.163 16 16 16zm0 160h416c8.837 0 16-7.163 16-16v-40c0-8.837-7.163-16-16-16H16c-8.837 0-16 7.163-16 16v40c0 8.837 7.163 16 16 16zm0 160h416c8.837 0 16-7.163 16-16v-40c0-8.837-7.163-16-16-16H16c-8.837 0-16 7.163-16 16v40c0 8.837 7.163 16 16 16z\"><\/path><\/svg>\t\t\t<\/a>\n\t\t<\/div>\n\t\t\t\t\t\t<\/div>\n\t\t\t\t<\/div>\n\t\t<div class=\"elementor-element elementor-element-78f40b9d e-con-full e-flex e-con e-child\" data-id=\"78f40b9d\" data-element_type=\"container\">\n\t\t\t\t<div class=\"elementor-element elementor-element-3ff4a48f elementor-widget elementor-widget-image\" data-id=\"3ff4a48f\" data-element_type=\"widget\" data-widget_type=\"image.default\">\n\t\t\t\t\t\t\t\t\t\t\t\t\t\t\t\t<a href=\"https:\/\/nirvan8.com\/fr\/\">\n\t\t\t\t\t\t\t<img fetchpriority=\"high\" decoding=\"async\" width=\"493\" height=\"418\" src=\"https:\/\/nirvan8.com\/wp-content\/uploads\/2026\/01\/Nirvan.png\" class=\"attachment-large size-large wp-image-387\" alt=\"\" srcset=\"https:\/\/nirvan8.com\/wp-content\/uploads\/2026\/01\/Nirvan.png 493w, https:\/\/nirvan8.com\/wp-content\/uploads\/2026\/01\/Nirvan-300x254.png 300w\" sizes=\"(max-width: 493px) 100vw, 493px\" \/>\t\t\t\t\t\t\t\t<\/a>\n\t\t\t\t\t\t\t\t\t\t\t\t\t\t\t<\/div>\n\t\t\t\t<\/div>\n\t\t<div class=\"elementor-element elementor-element-56e10df8 e-con-full e-flex e-con e-child\" data-id=\"56e10df8\" data-element_type=\"container\">\n\t\t\t\t<div class=\"elementor-element elementor-element-292bb7d0 elementor-icon-list--layout-inline elementor-align-center elementor-list-item-link-full_width elementor-widget elementor-widget-icon-list\" data-id=\"292bb7d0\" data-element_type=\"widget\" data-widget_type=\"icon-list.default\">\n\t\t\t\t\t\t\t<ul class=\"elementor-icon-list-items elementor-inline-items\">\n\t\t\t\t\t\t\t<li class=\"elementor-icon-list-item elementor-inline-item\">\n\t\t\t\t\t\t\t\t\t\t\t<span class=\"elementor-icon-list-icon\">\n\t\t\t\t\t\t\t<svg aria-hidden=\"true\" class=\"e-font-icon-svg e-fas-search\" viewbox=\"0 0 512 512\" xmlns=\"http:\/\/www.w3.org\/2000\/svg\"><path d=\"M505 442.7L405.3 343c-4.5-4.5-10.6-7-17-7H372c27.6-35.3 44-79.7 44-128C416 93.1 322.9 0 208 0S0 93.1 0 208s93.1 208 208 208c48.3 0 92.7-16.4 128-44v16.3c0 6.4 2.5 12.5 7 17l99.7 99.7c9.4 9.4 24.6 9.4 33.9 0l28.3-28.3c9.4-9.4 9.4-24.6.1-34zM208 336c-70.7 0-128-57.2-128-128 0-70.7 57.2-128 128-128 70.7 0 128 57.2 128 128 0 70.7-57.2 128-128 128z\"><\/path><\/svg>\t\t\t\t\t\t<\/span>\n\t\t\t\t\t\t\t\t\t\t<span class=\"elementor-icon-list-text\"><\/span>\n\t\t\t\t\t\t\t\t\t<\/li>\n\t\t\t\t\t\t\t\t<li class=\"elementor-icon-list-item elementor-inline-item\">\n\t\t\t\t\t\t\t\t\t\t\t<a href=\"https:\/\/nirvan8.com\/fr\/homepage__trashed\/my-account\/\" target=\"_blank\">\n\n\t\t\t\t\t\t\t\t\t\t\t\t<span class=\"elementor-icon-list-icon\">\n\t\t\t\t\t\t\t<svg aria-hidden=\"true\" class=\"e-font-icon-svg e-far-user\" viewbox=\"0 0 448 512\" xmlns=\"http:\/\/www.w3.org\/2000\/svg\"><path d=\"M313.6 304c-28.7 0-42.5 16-89.6 16-47.1 0-60.8-16-89.6-16C60.2 304 0 364.2 0 438.4V464c0 26.5 21.5 48 48 48h352c26.5 0 48-21.5 48-48v-25.6c0-74.2-60.2-134.4-134.4-134.4zM400 464H48v-25.6c0-47.6 38.8-86.4 86.4-86.4 14.6 0 38.3 16 89.6 16 51.7 0 74.9-16 89.6-16 47.6 0 86.4 38.8 86.4 86.4V464zM224 288c79.5 0 144-64.5 144-144S303.5 0 224 0 80 64.5 80 144s64.5 144 144 144zm0-240c52.9 0 96 43.1 96 96s-43.1 96-96 96-96-43.1-96-96 43.1-96 96-96z\"><\/path><\/svg>\t\t\t\t\t\t<\/span>\n\t\t\t\t\t\t\t\t\t\t<span class=\"elementor-icon-list-text\"><\/span>\n\t\t\t\t\t\t\t\t\t\t\t<\/a>\n\t\t\t\t\t\t\t\t\t<\/li>\n\t\t\t\t\t\t\t\t<li class=\"elementor-icon-list-item elementor-inline-item\">\n\t\t\t\t\t\t\t\t\t\t\t<a href=\"https:\/\/nirvan8.com\/fr\/homepage__trashed\/cart\/\" target=\"_blank\">\n\n\t\t\t\t\t\t\t\t\t\t\t\t<span class=\"elementor-icon-list-icon\">\n\t\t\t\t\t\t\t<svg aria-hidden=\"true\" class=\"e-font-icon-svg e-fas-shopping-bag\" viewbox=\"0 0 448 512\" xmlns=\"http:\/\/www.w3.org\/2000\/svg\"><path d=\"M352 160v-32C352 57.42 294.579 0 224 0 153.42 0 96 57.42 96 128v32H0v272c0 44.183 35.817 80 80 80h288c44.183 0 80-35.817 80-80V160h-96zm-192-32c0-35.29 28.71-64 64-64s64 28.71 64 64v32H160v-32zm160 120c-13.255 0-24-10.745-24-24s10.745-24 24-24 24 10.745 24 24-10.745 24-24 24zm-192 0c-13.255 0-24-10.745-24-24s10.745-24 24-24 24 10.745 24 24-10.745 24-24 24z\"><\/path><\/svg>\t\t\t\t\t\t<\/span>\n\t\t\t\t\t\t\t\t\t\t<span class=\"elementor-icon-list-text\"><\/span>\n\t\t\t\t\t\t\t\t\t\t\t<\/a>\n\t\t\t\t\t\t\t\t\t<\/li>\n\t\t\t\t\t\t<\/ul>\n\t\t\t\t\t\t<\/div>\n\t\t\t\t<\/div>\n\t\t\t\t\t<\/div>\n\t\t\t\t<\/div>\n\t\t<div class=\"elementor-element elementor-element-66018219 e-flex e-con-boxed e-con e-parent\" data-id=\"66018219\" data-element_type=\"container\">\n\t\t\t\t\t<div class=\"e-con-inner\">\n\t\t<div class=\"elementor-element elementor-element-71e7c2d9 e-con-full e-flex e-con e-child\" data-id=\"71e7c2d9\" data-element_type=\"container\" data-settings=\"{&quot;background_background&quot;:&quot;classic&quot;}\">\n\t\t\t\t<div class=\"elementor-element elementor-element-2bc81339 elementor-widget elementor-widget-heading\" data-id=\"2bc81339\" data-element_type=\"widget\" data-widget_type=\"heading.default\">\n\t\t\t\t\t<h2 class=\"elementor-heading-title elementor-size-default\">THE FIGHTER COLLECTION<\/h2>\t\t\t\t<\/div>\n\t\t\t\t<div class=\"elementor-element elementor-element-5d100826 elementor-widget elementor-widget-text-editor\" data-id=\"5d100826\" data-element_type=\"widget\" data-widget_type=\"text-editor.default\">\n\t\t\t\t\t\t\t\t\t<p>Antiseptic defense for contact sports<\/p>\t\t\t\t\t\t\t\t<\/div>\n\t\t\t\t<\/div>\n\t\t\t\t\t<\/div>\n\t\t\t\t<\/div>\n\t\t<div class=\"elementor-element elementor-element-ef4cfd0 e-flex e-con-boxed e-con e-parent\" data-id=\"ef4cfd0\" data-element_type=\"container\">\n\t\t\t\t\t<div class=\"e-con-inner\">\n\t\t<div class=\"elementor-element elementor-element-329adc5d e-con-full e-flex e-con e-child\" data-id=\"329adc5d\" data-element_type=\"container\">\n\t\t\t\t<div class=\"elementor-element elementor-element-12301d2e elementor-widget elementor-widget-heading\" data-id=\"12301d2e\" data-element_type=\"widget\" data-widget_type=\"heading.default\">\n\t\t\t\t\t<h2 class=\"elementor-heading-title elementor-size-default\">DEFENSE &amp; RECOVERY<\/h2>\t\t\t\t<\/div>\n\t\t\t\t<div class=\"elementor-element elementor-element-41ca8774 elementor-widget elementor-widget-text-editor\" data-id=\"41ca8774\" data-element_type=\"widget\" data-widget_type=\"text-editor.default\">\n\t\t\t\t\t\t\t\t\t<p>Contact sports expose skin to bacteria. Our formula uses Tea Tree and Eucalyptus to deep clean and protect.<\/p>\t\t\t\t\t\t\t\t<\/div>\n\t\t\t\t<\/div>\n\t\t<div class=\"elementor-element elementor-element-4c4ebfde e-con-full e-flex e-con e-child\" data-id=\"4c4ebfde\" data-element_type=\"container\">\n\t\t\t\t<div class=\"elementor-element elementor-element-72afff0e elementor-widget elementor-widget-image\" data-id=\"72afff0e\" data-element_type=\"widget\" data-widget_type=\"image.default\">\n\t\t\t\t\t\t\t\t\t\t\t\t\t\t\t<img decoding=\"async\" width=\"800\" height=\"537\" src=\"https:\/\/nirvan8.com\/wp-content\/uploads\/2026\/01\/WhatsApp-Image-2026-01-20-at-18.27.35-1024x687.jpeg\" class=\"attachment-large size-large wp-image-636\" alt=\"\" srcset=\"https:\/\/nirvan8.com\/wp-content\/uploads\/2026\/01\/WhatsApp-Image-2026-01-20-at-18.27.35-1024x687.jpeg 1024w, https:\/\/nirvan8.com\/wp-content\/uploads\/2026\/01\/WhatsApp-Image-2026-01-20-at-18.27.35-300x201.jpeg 300w, https:\/\/nirvan8.com\/wp-content\/uploads\/2026\/01\/WhatsApp-Image-2026-01-20-at-18.27.35-768x515.jpeg 768w, https:\/\/nirvan8.com\/wp-content\/uploads\/2026\/01\/WhatsApp-Image-2026-01-20-at-18.27.35-600x403.jpeg 600w, https:\/\/nirvan8.com\/wp-content\/uploads\/2026\/01\/WhatsApp-Image-2026-01-20-at-18.27.35.jpeg 1280w\" sizes=\"(max-width: 800px) 100vw, 800px\" \/>\t\t\t\t\t\t\t\t\t\t\t\t\t\t\t<\/div>\n\t\t\t\t<\/div>\n\t\t\t\t\t<\/div>\n\t\t\t\t<\/div>\n\t\t<div class=\"elementor-element elementor-element-4e61bf26 e-flex e-con-boxed e-con e-parent\" data-id=\"4e61bf26\" data-element_type=\"container\">\n\t\t\t\t\t<div class=\"e-con-inner\">\n\t\t\t\t<div class=\"elementor-element elementor-element-1c99f76e elementor-widget elementor-widget-shortcode\" data-id=\"1c99f76e\" data-element_type=\"widget\" data-widget_type=\"shortcode.default\">\n\t\t\t\t\t\t\t<div class=\"elementor-shortcode\"><div class=\"woocommerce columns-4\"><ul class=\"products columns-4\">\n<li class=\"product type-product post-708 status-publish first instock product_cat-fighter has-post-thumbnail sold-individually purchasable product-type-simple\">\n\t<a href=\"https:\/\/nirvan8.com\/fr\/produit\/nirvan-fighter-essential-kit\/\" class=\"woocommerce-LoopProduct-link woocommerce-loop-product__link\"><img decoding=\"async\" width=\"300\" height=\"300\" src=\"https:\/\/nirvan8.com\/wp-content\/uploads\/2026\/01\/E46D9B1E-33B5-4B0D-A96E-A45FC9B1F9D6-300x300.png\" class=\"attachment-woocommerce_thumbnail size-woocommerce_thumbnail\" alt=\"Nirvan Fighter Essential Kit\" srcset=\"https:\/\/nirvan8.com\/wp-content\/uploads\/2026\/01\/E46D9B1E-33B5-4B0D-A96E-A45FC9B1F9D6-300x300.png 300w, https:\/\/nirvan8.com\/wp-content\/uploads\/2026\/01\/E46D9B1E-33B5-4B0D-A96E-A45FC9B1F9D6-150x150.png 150w, https:\/\/nirvan8.com\/wp-content\/uploads\/2026\/01\/E46D9B1E-33B5-4B0D-A96E-A45FC9B1F9D6-100x100.png 100w\" sizes=\"(max-width: 300px) 100vw, 300px\" \/><h2 class=\"woocommerce-loop-product__title\">Nirvan Fighter Essential Kit<\/h2>\n\t<span class=\"price\"><span class=\"woocommerce-Price-amount amount\"><bdi><span class=\"woocommerce-Price-currencySymbol\">&euro;<\/span>&nbsp;24,90<\/bdi><\/span><\/span>\n<\/a><a href=\"\/fr\/wp-json\/wp\/v2\/pages\/286?add-to-cart=708\" aria-describedby=\"woocommerce_loop_add_to_cart_link_describedby_708\" data-quantity=\"1\" class=\"button product_type_simple add_to_cart_button ajax_add_to_cart\" data-product_id=\"708\" data-product_sku=\"\" aria-label=\"Ajouter au panier\u00a0: \u201cNirvan Fighter Essential Kit\u201d\" rel=\"nofollow\" data-success_message=\"\u00ab\u00a0Nirvan Fighter Essential Kit\u00a0\u00bb a \u00e9t\u00e9 ajout\u00e9 \u00e0 votre panier\" role=\"button\" data-no-translation=\"\" data-trp-gettext=\"\" data-no-translation-aria-label=\"\" data-no-translation-data-success_message=\"\">Ajouter au panier<\/a>\t<span id=\"woocommerce_loop_add_to_cart_link_describedby_708\" class=\"screen-reader-text\">\n\t\t\t<\/span>\n<\/li>\n<li class=\"product type-product post-192 status-publish instock product_cat-fighter product_tag-all-in-one-bar product_tag-beach-essentials product_tag-coconut-soap product_tag-cruelty-free product_tag-eco-friendly-soap product_tag-gentle-cleanser product_tag-lime-scent product_tag-multipurpose-soap product_tag-natural-skincare product_tag-nourishing-formula product_tag-ocean-lover product_tag-plastic-free product_tag-skin-and-hair-bar product_tag-surfer-soap product_tag-travel-friendly product_tag-tropical-coconut product_tag-tropical-scent product_tag-vegan-soap has-post-thumbnail purchasable product-type-simple\">\n\t<a href=\"https:\/\/nirvan8.com\/fr\/produit\/nirvan-surfer-soap-all-in-one-skin-hair-bar-tropical-coconut-lime-scent-2\/\" class=\"woocommerce-LoopProduct-link woocommerce-loop-product__link\"><img loading=\"lazy\" decoding=\"async\" width=\"300\" height=\"300\" src=\"https:\/\/nirvan8.com\/wp-content\/uploads\/2025\/10\/42d611e0-cfd7-4c52-8169-c8fa4b9bc10c-300x300.jpeg\" class=\"attachment-woocommerce_thumbnail size-woocommerce_thumbnail\" alt=\"Nirvan Fighter Soap \u2013 Antiseptic Power Bar for Hair &amp; BodyDisinfect - Protect - Recover -Handmade antiseptic bar for fighters, athletes &amp; warriors\" srcset=\"https:\/\/nirvan8.com\/wp-content\/uploads\/2025\/10\/42d611e0-cfd7-4c52-8169-c8fa4b9bc10c-300x300.jpeg 300w, https:\/\/nirvan8.com\/wp-content\/uploads\/2025\/10\/42d611e0-cfd7-4c52-8169-c8fa4b9bc10c-150x150.jpeg 150w, https:\/\/nirvan8.com\/wp-content\/uploads\/2025\/10\/42d611e0-cfd7-4c52-8169-c8fa4b9bc10c-768x768.jpeg 768w, https:\/\/nirvan8.com\/wp-content\/uploads\/2025\/10\/42d611e0-cfd7-4c52-8169-c8fa4b9bc10c-12x12.jpeg 12w, https:\/\/nirvan8.com\/wp-content\/uploads\/2025\/10\/42d611e0-cfd7-4c52-8169-c8fa4b9bc10c-600x600.jpeg 600w, https:\/\/nirvan8.com\/wp-content\/uploads\/2025\/10\/42d611e0-cfd7-4c52-8169-c8fa4b9bc10c-100x100.jpeg 100w, https:\/\/nirvan8.com\/wp-content\/uploads\/2025\/10\/42d611e0-cfd7-4c52-8169-c8fa4b9bc10c.jpeg 1024w\" sizes=\"(max-width: 300px) 100vw, 300px\" \/><h2 class=\"woocommerce-loop-product__title\">Nirvan Fighter Soap \u2013 Antiseptic Power Bar for Hair &amp; BodyDisinfect &#8211; Protect &#8211; Recover -Handmade antiseptic bar for fighters, athletes &amp; warriors<\/h2>\n\t<span class=\"price\"><span class=\"woocommerce-Price-amount amount\"><bdi><span class=\"woocommerce-Price-currencySymbol\">&euro;<\/span>&nbsp;9,99<\/bdi><\/span><\/span>\n<\/a><a href=\"\/fr\/wp-json\/wp\/v2\/pages\/286?add-to-cart=192\" aria-describedby=\"woocommerce_loop_add_to_cart_link_describedby_192\" data-quantity=\"1\" class=\"button product_type_simple add_to_cart_button ajax_add_to_cart\" data-product_id=\"192\" data-product_sku=\"\" aria-label=\"Ajouter au panier\u00a0: \u201cNirvan Fighter Soap \u2013 Antiseptic Power Bar for Hair &amp; BodyDisinfect - Protect - Recover -Handmade antiseptic bar for fighters, athletes &amp; warriors\u201d\" rel=\"nofollow\" data-success_message=\"\u00ab\u00a0Nirvan Fighter Soap \u2013 Antiseptic Power Bar for Hair &amp; BodyDisinfect - Protect - Recover -Handmade antiseptic bar for fighters, athletes &amp; warriors\u00a0\u00bb a \u00e9t\u00e9 ajout\u00e9 \u00e0 votre panier\" role=\"button\" data-no-translation=\"\" data-trp-gettext=\"\" data-no-translation-aria-label=\"\" data-no-translation-data-success_message=\"\">Ajouter au panier<\/a>\t<span id=\"woocommerce_loop_add_to_cart_link_describedby_192\" class=\"screen-reader-text\">\n\t\t\t<\/span>\n<\/li>\n<li class=\"product type-product post-832 status-publish instock product_cat-fighter has-post-thumbnail purchasable product-type-simple\">\n\t<a href=\"https:\/\/nirvan8.com\/fr\/produit\/balibo-solid-conditioner-bar-hydrating-nourishing-plastic-free-vegan-eco-friendly-hair-care-2-3\/\" class=\"woocommerce-LoopProduct-link woocommerce-loop-product__link\"><img loading=\"lazy\" decoding=\"async\" width=\"300\" height=\"300\" src=\"https:\/\/nirvan8.com\/wp-content\/uploads\/2026\/04\/d2ce6ff8-5e45-40cf-a12d-52d27a9367e2-300x300.jpeg\" class=\"attachment-woocommerce_thumbnail size-woocommerce_thumbnail\" alt=\"Nirvan Fighter Solid Hair Conditioner Bar | Hydrating &amp; Nourishing | Plastic-Free, Vegan &amp; Eco-Friendly Hair Care\" srcset=\"https:\/\/nirvan8.com\/wp-content\/uploads\/2026\/04\/d2ce6ff8-5e45-40cf-a12d-52d27a9367e2-300x300.jpeg 300w, https:\/\/nirvan8.com\/wp-content\/uploads\/2026\/04\/d2ce6ff8-5e45-40cf-a12d-52d27a9367e2-150x150.jpeg 150w, https:\/\/nirvan8.com\/wp-content\/uploads\/2026\/04\/d2ce6ff8-5e45-40cf-a12d-52d27a9367e2-768x768.jpeg 768w, https:\/\/nirvan8.com\/wp-content\/uploads\/2026\/04\/d2ce6ff8-5e45-40cf-a12d-52d27a9367e2-12x12.jpeg 12w, https:\/\/nirvan8.com\/wp-content\/uploads\/2026\/04\/d2ce6ff8-5e45-40cf-a12d-52d27a9367e2-600x600.jpeg 600w, https:\/\/nirvan8.com\/wp-content\/uploads\/2026\/04\/d2ce6ff8-5e45-40cf-a12d-52d27a9367e2-100x100.jpeg 100w, https:\/\/nirvan8.com\/wp-content\/uploads\/2026\/04\/d2ce6ff8-5e45-40cf-a12d-52d27a9367e2.jpeg 1024w\" sizes=\"(max-width: 300px) 100vw, 300px\" \/><h2 class=\"woocommerce-loop-product__title\">Nirvan Fighter Solid Hair Conditioner Bar | Hydrating &amp; Nourishing | Plastic-Free, Vegan &amp; Eco-Friendly Hair Care<\/h2>\n\t<span class=\"price\"><span class=\"woocommerce-Price-amount amount\"><bdi><span class=\"woocommerce-Price-currencySymbol\">&euro;<\/span>&nbsp;6,99<\/bdi><\/span><\/span>\n<\/a><a href=\"\/fr\/wp-json\/wp\/v2\/pages\/286?add-to-cart=832\" aria-describedby=\"woocommerce_loop_add_to_cart_link_describedby_832\" data-quantity=\"1\" class=\"button product_type_simple add_to_cart_button ajax_add_to_cart\" data-product_id=\"832\" data-product_sku=\"\" aria-label=\"Ajouter au panier\u00a0: \u201cNirvan Fighter Solid Hair Conditioner Bar | Hydrating &amp; Nourishing | Plastic-Free, Vegan &amp; Eco-Friendly Hair Care\u201d\" rel=\"nofollow\" data-success_message=\"\u00ab\u00a0Nirvan Fighter Solid Hair Conditioner Bar | Hydrating &amp; Nourishing | Plastic-Free, Vegan &amp; Eco-Friendly Hair Care\u00a0\u00bb a \u00e9t\u00e9 ajout\u00e9 \u00e0 votre panier\" role=\"button\" data-no-translation=\"\" data-trp-gettext=\"\" data-no-translation-aria-label=\"\" data-no-translation-data-success_message=\"\">Ajouter au panier<\/a>\t<span id=\"woocommerce_loop_add_to_cart_link_describedby_832\" class=\"screen-reader-text\">\n\t\t\t<\/span>\n<\/li>\n<\/ul>\n<\/div><\/div>\n\t\t\t\t\t\t<\/div>\n\t\t\t\t\t<\/div>\n\t\t\t\t<\/div>\n\t\t<div class=\"elementor-element elementor-element-2712c15b e-flex e-con-boxed e-con e-parent\" data-id=\"2712c15b\" data-element_type=\"container\">\n\t\t\t\t\t<div class=\"e-con-inner\">\n\t\t\t\t<div class=\"elementor-element elementor-element-6ef6e39e elementor-widget elementor-widget-heading\" data-id=\"6ef6e39e\" data-element_type=\"widget\" data-widget_type=\"heading.default\">\n\t\t\t\t\t<h2 class=\"elementor-heading-title elementor-size-default\">About Us<\/h2>\t\t\t\t<\/div>\n\t\t\t\t<div class=\"elementor-element elementor-element-736e1b9b elementor-widget elementor-widget-text-editor\" data-id=\"736e1b9b\" data-element_type=\"widget\" data-widget_type=\"text-editor.default\">\n\t\t\t\t\t\t\t\t\t<h2 data-start=\"169\" data-end=\"180\">About Nirvan Fighter<\/h2><p data-start=\"182\" data-end=\"297\"><strong data-start=\"182\" data-end=\"205\">Nirvan Fighter Soap<\/strong> was born in gyms, dojos, and training spaces\u2014where discipline is high and recovery matters.<\/p><p data-start=\"299\" data-end=\"567\">Created by fighters and athletes, our soap is designed to protect skin pushed to its limits. Cuts, mat burns, sweat, and bacteria are part of the grind, so we developed a <strong data-start=\"470\" data-end=\"497\">natural, antiseptic bar<\/strong> that cleans, protects, and supports recovery without harsh chemicals.<\/p><p data-start=\"569\" data-end=\"754\">Made in small batches using trusted botanical ingredients like <strong data-start=\"632\" data-end=\"675\">Tea Tree, Neem, Aloe Vera, and Turmeric<\/strong>, Nirvan Fighter Soap is solid, plastic-free, and built for real training life.<\/p><p data-start=\"756\" data-end=\"814\">Because recovery should be as serious as the fight itself.<\/p><p data-start=\"816\" data-end=\"859\" data-is-last-node=\"\" data-is-only-node=\"\"><strong data-start=\"816\" data-end=\"859\" data-is-last-node=\"\">Train hard. Recover smart. Stay Nirvan.<\/strong><\/p>\t\t\t\t\t\t\t\t<\/div>\n\t\t\t\t\t<\/div>\n\t\t\t\t<\/div>\n\t\t<div class=\"elementor-element elementor-element-8b652e3 e-flex e-con-boxed e-con e-parent\" data-id=\"8b652e3\" data-element_type=\"container\">\n\t\t\t\t\t<div class=\"e-con-inner\">\n\t\t\t\t<div class=\"elementor-element elementor-element-7c93641e elementor-widget elementor-widget-heading\" data-id=\"7c93641e\" data-element_type=\"widget\" data-widget_type=\"heading.default\">\n\t\t\t\t\t<h2 class=\"elementor-heading-title elementor-size-default\">Where to Buy<\/h2>\t\t\t\t<\/div>\n\t\t\t\t<div class=\"elementor-element elementor-element-8bd1e5a elementor-widget elementor-widget-html\" data-id=\"8bd1e5a\" data-element_type=\"widget\" data-widget_type=\"html.default\">\n\t\t\t\t\t<iframe src=\"https:\/\/www.google.com\/maps\/d\/embed?mid=10Oz9epiVfpdHj_142lnbNvEt-eQ17qA&ehbc=2E312F&noprof=1\" width=\"640\" height=\"480\"><\/iframe>\t\t\t\t<\/div>\n\t\t\t\t\t<\/div>\n\t\t\t\t<\/div>\n\t\t\t\t<\/div>","protected":false},"excerpt":{"rendered":"<p>THE FIGHTER COLLECTION Antiseptic defense for contact sports DEFENSE &amp; RECOVERY Contact sports expose skin to bacteria. Our formula uses Tea Tree and Eucalyptus to deep clean and protect. About Us About Nirvan Fighter Nirvan Fighter Soap was born in gyms, dojos, and training spaces\u2014where discipline is high and recovery matters. Created by fighters and [&hellip;]<\/p>","protected":false},"author":1,"featured_media":0,"parent":0,"menu_order":0,"comment_status":"closed","ping_status":"closed","template":"","meta":{"footnotes":""},"class_list":["post-286","page","type-page","status-publish","hentry"],"aioseo_notices":[],"_links":{"self":[{"href":"https:\/\/nirvan8.com\/fr\/wp-json\/wp\/v2\/pages\/286","targetHints":{"allow":["GET"]}}],"collection":[{"href":"https:\/\/nirvan8.com\/fr\/wp-json\/wp\/v2\/pages"}],"about":[{"href":"https:\/\/nirvan8.com\/fr\/wp-json\/wp\/v2\/types\/page"}],"author":[{"embeddable":true,"href":"https:\/\/nirvan8.com\/fr\/wp-json\/wp\/v2\/users\/1"}],"replies":[{"embeddable":true,"href":"https:\/\/nirvan8.com\/fr\/wp-json\/wp\/v2\/comments?post=286"}],"version-history":[{"count":16,"href":"https:\/\/nirvan8.com\/fr\/wp-json\/wp\/v2\/pages\/286\/revisions"}],"predecessor-version":[{"id":701,"href":"https:\/\/nirvan8.com\/fr\/wp-json\/wp\/v2\/pages\/286\/revisions\/701"}],"wp:attachment":[{"href":"https:\/\/nirvan8.com\/fr\/wp-json\/wp\/v2\/media?parent=286"}],"curies":[{"name":"wp","href":"https:\/\/api.w.org\/{rel}","templated":true}]}}